{"id":21,"date":"2023-05-22T06:09:25","date_gmt":"2023-05-22T04:09:25","guid":{"rendered":"http:\/\/abcplyn.till.sk\/?page_id=21"},"modified":"2025-08-19T21:37:22","modified_gmt":"2025-08-19T19:37:22","slug":"reklamacie","status":"publish","type":"page","link":"https:\/\/www.abcplyn.cz\/eshop\/reklamacie\/","title":{"rendered":"Objedn\u00e1vky"},"content":{"rendered":"\t\t<div data-elementor-type=\"wp-page\" data-elementor-id=\"21\" class=\"elementor elementor-21\">\n\t\t\t\t\t\t<section class=\"elementor-section elementor-top-section elementor-element elementor-element-7bc3626 elementor-section-boxed elementor-section-height-default elementor-section-height-default\" data-id=\"7bc3626\" data-element_type=\"section\" data-e-type=\"section\">\n\t\t\t\t\t\t<div class=\"elementor-container elementor-column-gap-default\">\n\t\t\t\t\t<div class=\"elementor-column elementor-col-100 elementor-top-column elementor-element elementor-element-bdfe609\" data-id=\"bdfe609\" data-element_type=\"column\" data-e-type=\"column\">\n\t\t\t<div class=\"elementor-widget-wrap elementor-element-populated\">\n\t\t\t\t\t\t<div class=\"elementor-element elementor-element-45449d7 elementor-widget__width-initial elementor-widget elementor-widget-text-editor\" data-id=\"45449d7\" data-element_type=\"widget\" data-e-type=\"widget\" data-widget_type=\"text-editor.default\">\n\t\t\t\t<div class=\"elementor-widget-container\">\n\t\t\t\t\t\t\t\t\t<p><strong>Zbo\u017e\u00ed zas\u00edl\u00e1me na z\u00e1klad\u011b objedn\u00e1vky v na\u0161em elektronick\u00e9m katalogu\u00a0<a href=\"https:\/\/www.abcplyn.cz\/eshop\/\">tu<\/a>, nebo p\u00edsemn\u00fdm p\u0159\u00edkazem adresovan\u00fdm info@abcplyn.sk<\/strong><\/p><p><span style=\"text-decoration: underline;\"><strong>Informace o objedn\u00e1vce:<\/strong><\/span><\/p><p><strong>Telefon +421434224809 Mobil +421905555028<\/strong><\/p><p><span style=\"text-decoration: underline;\"><strong>Cena standardn\u00ed dopravy:<\/strong><\/span><\/p><p>P\u0159i objedn\u00e1vce <strong>nad 5000 K\u010d bez DPH doprava zdarma.<\/strong><\/p><p>P\u0159i objedn\u00e1vce <strong>do 5000 K\u010d bez DPH cena dopravy 250 K\u010d bez DPH.<br \/><br \/>Za platbu na dob\u00edrku je poplatek 50 K\u010d bez DPH.<br \/><\/strong><\/p><p><strong>V\u00fdjimky z p\u0159epravy:na n\u011bkter\u00e9 produkty se nevztahuje standardn\u00ed cena za p\u0159epravu (nap\u0159. exp.n\u00e1doby v\u011bt\u0161\u00edch objem\u016f, n\u00e1hradn\u00ed n\u00e1plne, zbo\u0159\u00ed kter\u00e9 nen\u00ed skladem atd.). Konkr\u00e9tn\u00ed objedn\u00e1vky jsou \u0159e\u0161eny individu\u00e1ln\u011b.<\/strong><\/p><p>Ceny jsou platn\u00e9 pro sklad abcplyn.sk. s. r. o. Martin<\/p><p><strong>Ceny v katalogu<\/strong> jsou doporu\u010den\u00e9 <strong>bez DPH.<\/strong><\/p><p><span style=\"text-decoration: underline;\"><strong>Otev\u00edrac\u00ed doba:<\/strong><\/span> Po-Pia od 7:00 do 15:30 hodin.<\/p><p><span style=\"text-decoration: underline;\"><strong>Odb\u011br a expedice zbo\u017e\u00ed:<\/strong><\/span><\/p><p>1. Doru\u010den\u00ed objedn\u00e1vky kur\u00fdrem od 24 do 48 hod\u00edn v r\u00e1mci cel\u00e9 \u010cR. Plat\u00ed u objednan\u00e9ho zbo\u017e\u00ed, kter\u00e9 je skladem a potvrzen\u00e1 objedn\u00e1vka je do 11.00 hodin.<\/p><p>2. Osobn\u00ed odb\u011br v prodejn\u011b <strong>abcplyn.sk s. r. o., \u010ceskoslovenskej Arm\u00e1dy 2, Martin, 03601<\/strong><br \/>3. Osobn\u00ed odb\u011br v prodejn\u011b <strong>abcplyn.sk s. r. o., Priemyseln\u00e1 3748\/3, \u017dilina, 01001<\/strong><\/p><p><span style=\"text-decoration: underline;\"><strong>Vr\u00e1cen\u00ed zbo\u017e\u00ed:<\/strong><\/span><\/p><p>Akceptov\u00e1no pouze po odsouhlasen\u00ed firmou abcplyn.sk s. r. o.<\/p><p>Zbo\u017e\u00ed mus\u00ed b\u00fdt nepo\u0161kozen\u00e9, nepou\u017eit\u00e9 a v origin\u00e1ln\u00edm balen\u00ed. Doprava je na n\u00e1klady z\u00e1kazn\u00edka.<\/p><p>P\u0159i dod\u00e1n\u00ed a kontrole zbo\u017e\u00ed do na\u0161eho skladu bude z\u00e1kazn\u00edkovi \u00fa\u010dtov\u00e1n manipula\u010dn\u00ed poplatek ve v\u00fd\u0161i 15 % z fakturovan\u00e9 \u010d\u00e1stky zbo\u017e\u00ed.<\/p><p>Pou\u017eit\u00e9 fotografie jsou ilustra\u010dn\u00ed a nemus\u00ed m\u00edt podstatn\u00fd vzhled.<\/p><p>Firma abcplyn.sk s. r. o. si vyhrazuje pr\u00e1vo na zm\u011bny cen v cen\u00edku.<\/p><p>Na z\u00e1klad\u011b Va\u0161ich po\u017eadavk\u016f n\u00e1sledn\u011b poskytnete odborn\u00e9 za\u0161kolen\u00ed, technickou pomoc a cenovou kalkulaci p\u0159i dod\u00e1vce kom\u00ednov\u00fdch syst\u00e9m\u016f.\u00a0na z\u00e1klad\u011b objedn\u00e1vky v na\u0161em elektronick\u00e9m katalogu<\/p>\t\t\t\t\t\t\t\t<\/div>\n\t\t\t\t<\/div>\n\t\t\t\t\t<\/div>\n\t\t<\/div>\n\t\t\t\t\t<\/div>\n\t\t<\/section>\n\t\t\t\t<\/div>\n\t\t","protected":false},"excerpt":{"rendered":"<p>Zbo\u017e\u00ed zas\u00edl\u00e1me na z\u00e1klad\u011b objedn\u00e1vky v na\u0161em elektronick\u00e9m katalogu\u00a0tu, nebo p\u00edsemn\u00fdm p\u0159\u00edkazem adresovan\u00fdm info@abcplyn.sk Informace o objedn\u00e1vce: Telefon +421434224809 Mobil +421905555028 Cena standardn\u00ed dopravy: P\u0159i objedn\u00e1vce nad 5000 K\u010d bez DPH doprava zdarma. P\u0159i objedn\u00e1vce do 5000 K\u010d bez DPH cena dopravy 250 K\u010d bez DPH. Za platbu na dob\u00edrku je poplatek 50 K\u010d bez [&hellip;]<\/p>\n","protected":false},"author":1,"featured_media":0,"parent":0,"menu_order":0,"comment_status":"closed","ping_status":"closed","template":"","meta":{"_acf_changed":false,"footnotes":""},"class_list":["post-21","page","type-page","status-publish","hentry"],"acf":[],"yoast_head":"<!-- This site is optimized with the Yoast SEO plugin v27.4 - https:\/\/yoast.com\/product\/yoast-seo-wordpress\/ -->\n<title>Objedn\u00e1vky - abcplyn.cz<\/title>\n<meta name=\"robots\" content=\"index, follow, max-snippet:-1, max-image-preview:large, max-video-preview:-1\" \/>\n<link rel=\"canonical\" href=\"https:\/\/www.abcplyn.cz\/eshop\/reklamacie\/\" \/>\n<meta property=\"og:locale\" content=\"cs_CZ\" \/>\n<meta property=\"og:type\" content=\"article\" \/>\n<meta property=\"og:title\" content=\"Objedn\u00e1vky - abcplyn.cz\" \/>\n<meta property=\"og:description\" content=\"Zbo\u017e\u00ed zas\u00edl\u00e1me na z\u00e1klad\u011b objedn\u00e1vky v na\u0161em elektronick\u00e9m katalogu\u00a0tu, nebo p\u00edsemn\u00fdm p\u0159\u00edkazem adresovan\u00fdm info@abcplyn.sk Informace o objedn\u00e1vce: Telefon +421434224809 Mobil +421905555028 Cena standardn\u00ed dopravy: P\u0159i objedn\u00e1vce nad 5000 K\u010d bez DPH doprava zdarma. P\u0159i objedn\u00e1vce do 5000 K\u010d bez DPH cena dopravy 250 K\u010d bez DPH. Za platbu na dob\u00edrku je poplatek 50 K\u010d bez [&hellip;]\" \/>\n<meta property=\"og:url\" content=\"https:\/\/www.abcplyn.cz\/eshop\/reklamacie\/\" \/>\n<meta property=\"og:site_name\" content=\"abcplyn.cz\" \/>\n<meta property=\"article:modified_time\" content=\"2025-08-19T19:37:22+00:00\" \/>\n<meta name=\"twitter:card\" content=\"summary_large_image\" \/>\n<meta name=\"twitter:label1\" content=\"Odhadovan\u00e1 doba \u010dten\u00ed\" \/>\n\t<meta name=\"twitter:data1\" content=\"2 minuty\" \/>\n<script type=\"application\/ld+json\" class=\"yoast-schema-graph\">{\"@context\":\"https:\\\/\\\/schema.org\",\"@graph\":[{\"@type\":\"WebPage\",\"@id\":\"https:\\\/\\\/www.abcplyn.cz\\\/eshop\\\/reklamacie\\\/\",\"url\":\"https:\\\/\\\/www.abcplyn.cz\\\/eshop\\\/reklamacie\\\/\",\"name\":\"Objedn\u00e1vky - abcplyn.cz\",\"isPartOf\":{\"@id\":\"https:\\\/\\\/www.abcplyn.cz\\\/eshop\\\/#website\"},\"datePublished\":\"2023-05-22T04:09:25+00:00\",\"dateModified\":\"2025-08-19T19:37:22+00:00\",\"breadcrumb\":{\"@id\":\"https:\\\/\\\/www.abcplyn.cz\\\/eshop\\\/reklamacie\\\/#breadcrumb\"},\"inLanguage\":\"cs\",\"potentialAction\":[{\"@type\":\"ReadAction\",\"target\":[\"https:\\\/\\\/www.abcplyn.cz\\\/eshop\\\/reklamacie\\\/\"]}]},{\"@type\":\"BreadcrumbList\",\"@id\":\"https:\\\/\\\/www.abcplyn.cz\\\/eshop\\\/reklamacie\\\/#breadcrumb\",\"itemListElement\":[{\"@type\":\"ListItem\",\"position\":1,\"name\":\"Domovsk\u00e1 str\u00e1nka\",\"item\":\"https:\\\/\\\/www.abcplyn.cz\\\/eshop\\\/\"},{\"@type\":\"ListItem\",\"position\":2,\"name\":\"Objedn\u00e1vky\"}]},{\"@type\":\"WebSite\",\"@id\":\"https:\\\/\\\/www.abcplyn.cz\\\/eshop\\\/#website\",\"url\":\"https:\\\/\\\/www.abcplyn.cz\\\/eshop\\\/\",\"name\":\"abcplyn.cz\",\"description\":\"Kom\u00ednov\u00fd syst\u00e9m\",\"publisher\":{\"@id\":\"https:\\\/\\\/www.abcplyn.cz\\\/eshop\\\/#organization\"},\"potentialAction\":[{\"@type\":\"SearchAction\",\"target\":{\"@type\":\"EntryPoint\",\"urlTemplate\":\"https:\\\/\\\/www.abcplyn.cz\\\/eshop\\\/?s={search_term_string}\"},\"query-input\":{\"@type\":\"PropertyValueSpecification\",\"valueRequired\":true,\"valueName\":\"search_term_string\"}}],\"inLanguage\":\"cs\"},{\"@type\":\"Organization\",\"@id\":\"https:\\\/\\\/www.abcplyn.cz\\\/eshop\\\/#organization\",\"name\":\"abcplyn.cz\",\"url\":\"https:\\\/\\\/www.abcplyn.cz\\\/eshop\\\/\",\"logo\":{\"@type\":\"ImageObject\",\"inLanguage\":\"cs\",\"@id\":\"https:\\\/\\\/www.abcplyn.cz\\\/eshop\\\/#\\\/schema\\\/logo\\\/image\\\/\",\"url\":\"https:\\\/\\\/www.abcplyn.cz\\\/eshop\\\/wp-content\\\/uploads\\\/2023\\\/06\\\/abc-logo-2021-small.jpg\",\"contentUrl\":\"https:\\\/\\\/www.abcplyn.cz\\\/eshop\\\/wp-content\\\/uploads\\\/2023\\\/06\\\/abc-logo-2021-small.jpg\",\"width\":250,\"height\":60,\"caption\":\"abcplyn.cz\"},\"image\":{\"@id\":\"https:\\\/\\\/www.abcplyn.cz\\\/eshop\\\/#\\\/schema\\\/logo\\\/image\\\/\"}}]}<\/script>\n<!-- \/ Yoast SEO plugin. -->","yoast_head_json":{"title":"Objedn\u00e1vky - abcplyn.cz","robots":{"index":"index","follow":"follow","max-snippet":"max-snippet:-1","max-image-preview":"max-image-preview:large","max-video-preview":"max-video-preview:-1"},"canonical":"https:\/\/www.abcplyn.cz\/eshop\/reklamacie\/","og_locale":"cs_CZ","og_type":"article","og_title":"Objedn\u00e1vky - abcplyn.cz","og_description":"Zbo\u017e\u00ed zas\u00edl\u00e1me na z\u00e1klad\u011b objedn\u00e1vky v na\u0161em elektronick\u00e9m katalogu\u00a0tu, nebo p\u00edsemn\u00fdm p\u0159\u00edkazem adresovan\u00fdm info@abcplyn.sk Informace o objedn\u00e1vce: Telefon +421434224809 Mobil +421905555028 Cena standardn\u00ed dopravy: P\u0159i objedn\u00e1vce nad 5000 K\u010d bez DPH doprava zdarma. P\u0159i objedn\u00e1vce do 5000 K\u010d bez DPH cena dopravy 250 K\u010d bez DPH. Za platbu na dob\u00edrku je poplatek 50 K\u010d bez [&hellip;]","og_url":"https:\/\/www.abcplyn.cz\/eshop\/reklamacie\/","og_site_name":"abcplyn.cz","article_modified_time":"2025-08-19T19:37:22+00:00","twitter_card":"summary_large_image","twitter_misc":{"Odhadovan\u00e1 doba \u010dten\u00ed":"2 minuty"},"schema":{"@context":"https:\/\/schema.org","@graph":[{"@type":"WebPage","@id":"https:\/\/www.abcplyn.cz\/eshop\/reklamacie\/","url":"https:\/\/www.abcplyn.cz\/eshop\/reklamacie\/","name":"Objedn\u00e1vky - abcplyn.cz","isPartOf":{"@id":"https:\/\/www.abcplyn.cz\/eshop\/#website"},"datePublished":"2023-05-22T04:09:25+00:00","dateModified":"2025-08-19T19:37:22+00:00","breadcrumb":{"@id":"https:\/\/www.abcplyn.cz\/eshop\/reklamacie\/#breadcrumb"},"inLanguage":"cs","potentialAction":[{"@type":"ReadAction","target":["https:\/\/www.abcplyn.cz\/eshop\/reklamacie\/"]}]},{"@type":"BreadcrumbList","@id":"https:\/\/www.abcplyn.cz\/eshop\/reklamacie\/#breadcrumb","itemListElement":[{"@type":"ListItem","position":1,"name":"Domovsk\u00e1 str\u00e1nka","item":"https:\/\/www.abcplyn.cz\/eshop\/"},{"@type":"ListItem","position":2,"name":"Objedn\u00e1vky"}]},{"@type":"WebSite","@id":"https:\/\/www.abcplyn.cz\/eshop\/#website","url":"https:\/\/www.abcplyn.cz\/eshop\/","name":"abcplyn.cz","description":"Kom\u00ednov\u00fd syst\u00e9m","publisher":{"@id":"https:\/\/www.abcplyn.cz\/eshop\/#organization"},"potentialAction":[{"@type":"SearchAction","target":{"@type":"EntryPoint","urlTemplate":"https:\/\/www.abcplyn.cz\/eshop\/?s={search_term_string}"},"query-input":{"@type":"PropertyValueSpecification","valueRequired":true,"valueName":"search_term_string"}}],"inLanguage":"cs"},{"@type":"Organization","@id":"https:\/\/www.abcplyn.cz\/eshop\/#organization","name":"abcplyn.cz","url":"https:\/\/www.abcplyn.cz\/eshop\/","logo":{"@type":"ImageObject","inLanguage":"cs","@id":"https:\/\/www.abcplyn.cz\/eshop\/#\/schema\/logo\/image\/","url":"https:\/\/www.abcplyn.cz\/eshop\/wp-content\/uploads\/2023\/06\/abc-logo-2021-small.jpg","contentUrl":"https:\/\/www.abcplyn.cz\/eshop\/wp-content\/uploads\/2023\/06\/abc-logo-2021-small.jpg","width":250,"height":60,"caption":"abcplyn.cz"},"image":{"@id":"https:\/\/www.abcplyn.cz\/eshop\/#\/schema\/logo\/image\/"}}]}},"_links":{"self":[{"href":"https:\/\/www.abcplyn.cz\/eshop\/wp-json\/wp\/v2\/pages\/21","targetHints":{"allow":["GET"]}}],"collection":[{"href":"https:\/\/www.abcplyn.cz\/eshop\/wp-json\/wp\/v2\/pages"}],"about":[{"href":"https:\/\/www.abcplyn.cz\/eshop\/wp-json\/wp\/v2\/types\/page"}],"author":[{"embeddable":true,"href":"https:\/\/www.abcplyn.cz\/eshop\/wp-json\/wp\/v2\/users\/1"}],"replies":[{"embeddable":true,"href":"https:\/\/www.abcplyn.cz\/eshop\/wp-json\/wp\/v2\/comments?post=21"}],"version-history":[{"count":24,"href":"https:\/\/www.abcplyn.cz\/eshop\/wp-json\/wp\/v2\/pages\/21\/revisions"}],"predecessor-version":[{"id":10434,"href":"https:\/\/www.abcplyn.cz\/eshop\/wp-json\/wp\/v2\/pages\/21\/revisions\/10434"}],"wp:attachment":[{"href":"https:\/\/www.abcplyn.cz\/eshop\/wp-json\/wp\/v2\/media?parent=21"}],"curies":[{"name":"wp","href":"https:\/\/api.w.org\/{rel}","templated":true}]}}