{"id":3,"date":"2023-05-22T02:02:35","date_gmt":"2023-05-22T00:02:35","guid":{"rendered":"http:\/\/abcplyn.till.sk\/?page_id=3"},"modified":"2023-09-10T13:54:35","modified_gmt":"2023-09-10T11:54:35","slug":"podminky-pouziti","status":"publish","type":"page","link":"https:\/\/www.abcplyn.cz\/eshop\/podminky-pouziti\/","title":{"rendered":"Podm\u00ednky pou\u017eit\u00ed"},"content":{"rendered":"\t\t<div data-elementor-type=\"wp-page\" data-elementor-id=\"3\" class=\"elementor elementor-3\">\n\t\t\t\t\t\t<section class=\"elementor-section elementor-top-section elementor-element elementor-element-7c445c9 elementor-section-boxed elementor-section-height-default elementor-section-height-default\" data-id=\"7c445c9\" data-element_type=\"section\" data-e-type=\"section\">\n\t\t\t\t\t\t<div class=\"elementor-container elementor-column-gap-default\">\n\t\t\t\t\t<div class=\"elementor-column elementor-col-100 elementor-top-column elementor-element elementor-element-07714ab\" data-id=\"07714ab\" data-element_type=\"column\" data-e-type=\"column\">\n\t\t\t<div class=\"elementor-widget-wrap elementor-element-populated\">\n\t\t\t\t\t\t<div class=\"elementor-element elementor-element-3278a29 elementor-widget elementor-widget-text-editor\" data-id=\"3278a29\" data-element_type=\"widget\" data-e-type=\"widget\" data-widget_type=\"text-editor.default\">\n\t\t\t\t<div class=\"elementor-widget-container\">\n\t\t\t\t\t\t\t\t\t<p><strong>I. OBECN\u00c1 USTANOVEN\u00cd<\/strong><\/p><p>Objedn\u00e1vky v elektronick\u00e9m produktov\u00e9m katalogu pro smluvn\u00ed obchodn\u00ed partnery nejsou ur\u010deny kone\u010dn\u00e9mu spot\u0159ebiteli (ob\u010danovi).<\/p><p>Provozovatelem dom\u00e9ny www.abcplyn.cz\/eshop (d\u00e1le jen \u201estr\u00e1nka\u201c) je spole\u010dnost:<br \/>abcplyn.sk s. r. o.<br \/>\u010ceskoslovenskej arm\u00e1dy 2, 036 01 Martin<br \/>I\u010cO:52939979<br \/>DI\u010c: 2121188025<br \/>I\u010c DPH:SK2121188025<br \/>zapsan\u00e1 v obchodn\u00edm rejst\u0159\u00edku okresn\u00edho soudu \u017dilina, odd\u00edl s.r.o, vlo\u017eka \u010d\u00edslo: 74148\/L<\/p><p>Telefon: +421434224809<br \/>Mobil: +421905555028<br \/>E-mail: info@abcplyn.sk<br \/>e-katalog: www.abcplyn.sk<\/p><p>(d\u00e1le jen \u201eprovozovatel\u201c), kter\u00e1 t\u00edmto vyd\u00e1v\u00e1 podm\u00ednky a pr\u00e1vn\u00ed omezen\u00ed pou\u017eit\u00ed str\u00e1nky, jej\u00edho obsahu a slu\u017eeb (d\u00e1le jen \u201epodm\u00ednky\u201c). U\u017eivatel str\u00e1nky je b\u011bhem jej\u00edho pou\u017e\u00edv\u00e1n\u00ed povinen \u0159\u00eddit se t\u011bmito podm\u00ednkami a pr\u00e1vn\u00edm \u0159\u00e1dem st\u00e1tu, ve kter\u00e9m se nach\u00e1z\u00ed v dob\u011b p\u0159ipojen\u00ed na str\u00e1nku. Na obsah str\u00e1nky, v\u010detn\u011b grafick\u00e9 \u00fapravy a uspo\u0159\u00e1d\u00e1n\u00ed, se vztahuje ochrana ve smyslu z\u00e1kona 618\/2003 Sb. o autorsk\u00e9m pr\u00e1vu a pr\u00e1vech souvisej\u00edc\u00edch s autorsk\u00fdm pr\u00e1vem (autorsk\u00fd z\u00e1kon) ve zn\u011bn\u00ed pozd\u011bj\u0161\u00edch p\u0159edpis\u016f. Majitelem autorsk\u00fdch pr\u00e1v k obsahu str\u00e1nky je provozovatel, nen\u00ed-li na str\u00e1nce uvedeno jinak.<\/p><p><strong>II. POU\u017d\u00cdV\u00c1N\u00cd A UM\u00cdST\u011aN\u00cd OBSAHU<\/strong><\/p><p>1. V\u0161eobecn\u00e1 pravidla pou\u017e\u00edv\u00e1n\u00ed<br \/>P\u0159\u00edstup na str\u00e1nku, registrace a pou\u017e\u00edv\u00e1n\u00ed slu\u017eeb je bezplatn\u00e9. U\u017eivatel je opr\u00e1vn\u011bn bez dal\u0161\u00edho souhlasu provozovatele pou\u017e\u00edvat str\u00e1nku v\u00fdhradn\u011b pro informativn\u00ed, nekomer\u010dn\u00ed nebo jin\u00e9 osobn\u00ed \u00fa\u010dely (\u010d\u00e1st a\/nebo celek). P\u0159\u00edstup na str\u00e1nku m\u016f\u017ee b\u00fdt ze strany provozovatele podm\u00edn\u011bn poskytnut\u00edm n\u011bkter\u00fdch osobn\u00edch \u00fadaj\u016f u\u017eivatele ve smyslu z\u00e1kona. 428\/2002 Sb. o ochran\u011b osobn\u00edch \u00fadaj\u016f.<\/p><p>2. P\u0159evzet\u00ed\/rozmno\u017eov\u00e1n\u00ed a dal\u0161\u00ed obsah ze str\u00e1nky<br \/>P\u0159evzet\u00ed\/rozmno\u017eov\u00e1n\u00ed textu na str\u00e1nce je dovoleno bez dal\u0161\u00edho souhlasu provozovatele, pokud bude ka\u017ed\u00e1 p\u0159evzat\u00e1 rozmno\u017eenina textu obsahovat ozna\u010den\u00ed o tom, kdo je autorem textu (copyright notice). Takov\u00e9 rozmno\u017eov\u00e1n\u00ed textu v\u0161ak nesm\u00ed zasahovat do opr\u00e1vn\u011bn\u00fdch z\u00e1jm\u016f autora. P\u0159evzet\u00ed\/rozmno\u017eov\u00e1n\u00ed grafick\u00fdch prvk\u016f (\u010d\u00e1st a\/nebo celek) podl\u00e9h\u00e1 v\u017edy zvl\u00e1\u0161tn\u00edmu souhlasu provozovatele. Provozovatel u\u017eivatel\u016fm doporu\u010duje \u017e\u00e1dat souhlas ke ka\u017ed\u00e9mu pou\u017eit\u00ed textu a grafick\u00fdch prvk\u016f prost\u0159ednictv\u00edm e-mailu u provozovatele str\u00e1nky.<\/p><p>3. Vkl\u00e1d\u00e1n\u00ed obsahu na str\u00e1nku<br \/>Vkl\u00e1d\u00e1n\u00ed obsahu na str\u00e1nku, kter\u00e9 je v rozporu s pr\u00e1vn\u00edm \u0159\u00e1dem \u010cesk\u00e9 republiky, t\u011bmito podm\u00ednkami a dobr\u00fdmi mravy je zak\u00e1z\u00e1no. Um\u00edstit na str\u00e1nku reklamn\u00ed nebo propaga\u010dn\u00ed obsah m\u016f\u017ee u\u017eivatel jen s p\u0159edchoz\u00edm souhlasem provozovatele, a to zpravidla za \u00fahradu.<\/p><p>4. Pr\u00e1vo na odstran\u011bn\u00ed obsahu a zm\u011bnu str\u00e1nky<br \/>Provozovatel si vyhrazuje pr\u00e1vo dle vlastn\u00edho uv\u00e1\u017een\u00ed odstranit ze str\u00e1nky jak\u00fdkoli obsah, zejm\u00e9na protipr\u00e1vn\u00ed, hanliv\u00fd, ur\u00e1\u017eliv\u00fd a vulg\u00e1rn\u00ed. D\u00e1le odstran\u00ed i z podn\u011btu opr\u00e1vn\u011bn\u00e9 osoby takov\u00fd obsah, kter\u00fd zasahuje do jej\u00edch pr\u00e1v nebo pr\u00e1vem chr\u00e1n\u011bn\u00fdch z\u00e1jm\u016f. Zasahovat jak\u00fdmkoli zp\u016fsobem bez souhlasu provozovatele do obsahu nebo technick\u00e9 podstaty str\u00e1nky je zak\u00e1z\u00e1no. Pr\u00e1vo kdykoli rozhodovat o zm\u011bn\u011b nebo odstran\u011bn\u00ed jak\u00e9koli sou\u010d\u00e1sti str\u00e1nky a trval\u00e9m nebo do\u010dasn\u00e9m pozastaven\u00ed provozu str\u00e1nky m\u00e1 v\u00fdhradn\u011b provozovatel.<\/p><p><strong>III. ODPOV\u011aDNOST ZA OBSAH<\/strong><\/p><p>1. Obsah u\u017eivatel\u016f<br \/>Provozovatel neodpov\u00edd\u00e1 za obsah um\u00edst\u011bn\u00fd na str\u00e1nku u\u017eivatelem, pokud nev\u00ed o protipr\u00e1vnosti takov\u00e9ho obsahu nebo o protipr\u00e1vn\u00edm jedn\u00e1n\u00ed u\u017eivatele a na odstran\u011bn\u00ed protipr\u00e1vn\u00edho stavu jedn\u00e1 bez zbyte\u010dn\u00e9ho odkladu. Provozovatel nen\u00ed povinen sledovat obsah vkl\u00e1dan\u00fd na str\u00e1nku u\u017eivateli.<\/p><p>2. Spr\u00e1vnost a \u00faplnost obsahu<br \/>Provozovatel neru\u010d\u00ed za spr\u00e1vnost a \u00faplnost informac\u00ed um\u00edst\u011bn\u00fdch na str\u00e1nce a t\u00edm neposkytuje \u017e\u00e1dnou z\u00e1ruku p\u0159i pou\u017e\u00edv\u00e1n\u00ed takov\u00fdch informac\u00ed pro p\u0159\u00edslu\u0161n\u00fd \u00fa\u010del. Provozovatel neodpov\u00edd\u00e1 za \u0161kodu, kter\u00e1 m\u016f\u017ee u\u017eivatel\u016fm nebo t\u0159et\u00edm osob\u00e1m vzniknout pou\u017e\u00edv\u00e1n\u00edm str\u00e1nky, v\u010detn\u011b ztr\u00e1ty jak\u00fdchkoli dat nebo u\u0161l\u00e9ho zisku.<\/p><p>3. Obsah t\u0159et\u00edch osob (linking)<br \/>Provozovatel neodpov\u00edd\u00e1 za obsah internetov\u00fdch str\u00e1nek t\u0159et\u00edch osob, kter\u00e9 lze nav\u0161t\u00edvit prost\u0159ednictv\u00edm hypertextov\u00fdch odkaz\u016f ze str\u00e1nky. Provozovatel neodpov\u00edd\u00e1 za obsah reklamy nebo propagace t\u0159et\u00ed osoby um\u00edst\u011bn\u00e9 na str\u00e1nce.<\/p><p><strong>IV. POSKYTOV\u00c1N\u00cd ODKAZU NA STR\u00c1NKU<\/strong><br \/>Poskytovat hypertextov\u00fd odkaz (linking, deeplinking) na str\u00e1nku na jin\u00fdch internetov\u00fdch str\u00e1nk\u00e1ch je povoleno ka\u017ed\u00e9mu, za podm\u00ednky, \u017ee um\u00edst\u011bn\u00edm takov\u00e9ho odkazu neporu\u0161uje vkladatel opr\u00e1vn\u011bn\u00e9 z\u00e1jmy provozovatele str\u00e1nky. Provozovatel nesouhlas\u00ed s vkl\u00e1d\u00e1n\u00edm hypertextov\u00fdch odkaz\u016f na str\u00e1nku zejm\u00e9na na str\u00e1nk\u00e1ch s pornografick\u00fdm, nesn\u00e1\u0161enlivostn\u00edm nebo protipr\u00e1vn\u00edm obsahem. Provozovatel preferuje poskytov\u00e1n\u00ed hypertextov\u00e9ho odkazu na \u201ehomepage\u201c str\u00e1nky ve tvaru www.abcplyn.cz\/eshop.<\/p><p><strong>V. OCHRANA OSOBN\u00cdCH DAT<\/strong><br \/>Respektujeme va\u0161e soukrom\u00ed. Abychom V\u00e1m mohli nab\u00eddnout hodnotn\u00e9 slu\u017eby, pot\u0159ebujeme zn\u00e1t n\u011bkter\u00e1 va\u0161e osobn\u00ed data. Tato data chr\u00e1n\u00edme p\u0159ed zneu\u017eit\u00edm a zaru\u010dujeme v\u00e1m, \u017ee nikdy neposkytneme t\u0159et\u00edmu subjektu va\u0161e kontaktn\u00ed informace a \u00fadaje o va\u0161ich objedn\u00e1vk\u00e1ch.<\/p><p>Pou\u017e\u00edv\u00e1n\u00edm tohoto elektronick\u00e9ho produktov\u00e9ho katalogu pro smluvn\u00ed obchodn\u00ed partnery souhlas\u00edte se shroma\u017e\u010fov\u00e1n\u00edm a pou\u017e\u00edv\u00e1n\u00edm informac\u00ed o V\u00e1s a va\u0161ich objedn\u00e1vk\u00e1ch. Registrac\u00ed z\u00e1kazn\u00edka, \u017eadatele o novinky a dal\u0161\u00edch jin\u00fdch forem registrace automaticky souhlas\u00edte, \u017ee m\u016f\u017eete b\u00fdt informov\u00e1ni o novink\u00e1ch v na\u0161em elektronick\u00e9m produktov\u00e9m katalogu pro smluvn\u00ed obchodn\u00ed partnery e-mailem nebo telefonicky. Pokud si nad\u00e1le nebudete p\u0159\u00e1t tyto informace, m\u00e1te mo\u017enost kdykoli jejich zas\u00edl\u00e1n\u00ed ukon\u010dit podle postupu uveden\u00e9ho v ka\u017ed\u00e9 zas\u00edlan\u00e9 zpr\u00e1v\u011b.<\/p><p>N\u00e1\u0161 elektronick\u00fd produktov\u00fd katalog pro smluvn\u00ed obchodn\u00ed partnery si vyhrazuje pr\u00e1vo ustoupit od z\u00e1ruky bezpe\u010dnosti v p\u0159\u00edpad\u011b napaden\u00ed serveru nezn\u00e1m\u00fdm pachatelem (hackerem). Pouze v takov\u00e9m p\u0159\u00edpad\u011b neplat\u00ed v\u00fd\u0161e uveden\u00e1 pravidla manipulace s daty.<\/p><p><strong>VI. Z\u00c1V\u011aRE\u010cN\u00c1 USTANOVEN\u00cd<\/strong><br \/>Zp\u0159\u00edstupn\u011bn\u00ed jak\u00fdchkoli \u00fadaj\u016f nebo informac\u00ed na str\u00e1nce, s v\u00fdjimkou t\u011bchto podm\u00ednek, nem\u00e1 povahu pr\u00e1vn\u00edho \u00fakonu sm\u011b\u0159uj\u00edc\u00edho ke vzniku pr\u00e1vn\u00edho vztahu mezi provozovatelem a u\u017eivatelem nebo jinou t\u0159et\u00ed osobou, pokud nen\u00ed v jednotliv\u00fdch p\u0159\u00edpadech uvedeno jinak. Tyto podm\u00ednky je opr\u00e1vn\u011bn m\u011bnit nebo doplnit pouze provozovatel. Podm\u00ednky pou\u017eit\u00ed str\u00e1nky jsou platn\u00e9 a \u00fa\u010dinn\u00e9 od jejich zve\u0159ejn\u011bn\u00ed.<\/p>\t\t\t\t\t\t\t\t<\/div>\n\t\t\t\t<\/div>\n\t\t\t\t\t<\/div>\n\t\t<\/div>\n\t\t\t\t\t<\/div>\n\t\t<\/section>\n\t\t\t\t<\/div>\n\t\t","protected":false},"excerpt":{"rendered":"<p>I. OBECN\u00c1 USTANOVEN\u00cd Objedn\u00e1vky v elektronick\u00e9m produktov\u00e9m katalogu pro smluvn\u00ed obchodn\u00ed partnery nejsou ur\u010deny kone\u010dn\u00e9mu spot\u0159ebiteli (ob\u010danovi). Provozovatelem dom\u00e9ny www.abcplyn.cz\/eshop (d\u00e1le jen \u201estr\u00e1nka\u201c) je spole\u010dnost:abcplyn.sk s. r. o.\u010ceskoslovenskej arm\u00e1dy 2, 036 01 MartinI\u010cO:52939979DI\u010c: 2121188025I\u010c DPH:SK2121188025zapsan\u00e1 v obchodn\u00edm rejst\u0159\u00edku okresn\u00edho soudu \u017dilina, odd\u00edl s.r.o, vlo\u017eka \u010d\u00edslo: 74148\/L Telefon: +421434224809Mobil: +421905555028E-mail: info@abcplyn.ske-katalog: www.abcplyn.sk (d\u00e1le jen \u201eprovozovatel\u201c), kter\u00e1 [&hellip;]<\/p>\n","protected":false},"author":1,"featured_media":0,"parent":0,"menu_order":0,"comment_status":"closed","ping_status":"closed","template":"","meta":{"_acf_changed":false,"footnotes":""},"class_list":["post-3","page","type-page","status-publish","hentry"],"acf":[],"yoast_head":"<!-- This site is optimized with the Yoast SEO plugin v27.4 - https:\/\/yoast.com\/product\/yoast-seo-wordpress\/ -->\n<title>Podm\u00ednky pou\u017eit\u00ed - abcplyn.cz<\/title>\n<meta name=\"robots\" content=\"index, follow, max-snippet:-1, max-image-preview:large, max-video-preview:-1\" \/>\n<link rel=\"canonical\" href=\"https:\/\/www.abcplyn.cz\/eshop\/podminky-pouziti\/\" \/>\n<meta property=\"og:locale\" content=\"cs_CZ\" \/>\n<meta property=\"og:type\" content=\"article\" \/>\n<meta property=\"og:title\" content=\"Podm\u00ednky pou\u017eit\u00ed - abcplyn.cz\" \/>\n<meta property=\"og:description\" content=\"I. OBECN\u00c1 USTANOVEN\u00cd Objedn\u00e1vky v elektronick\u00e9m produktov\u00e9m katalogu pro smluvn\u00ed obchodn\u00ed partnery nejsou ur\u010deny kone\u010dn\u00e9mu spot\u0159ebiteli (ob\u010danovi). Provozovatelem dom\u00e9ny www.abcplyn.cz\/eshop (d\u00e1le jen \u201estr\u00e1nka\u201c) je spole\u010dnost:abcplyn.sk s. r. o.\u010ceskoslovenskej arm\u00e1dy 2, 036 01 MartinI\u010cO:52939979DI\u010c: 2121188025I\u010c DPH:SK2121188025zapsan\u00e1 v obchodn\u00edm rejst\u0159\u00edku okresn\u00edho soudu \u017dilina, odd\u00edl s.r.o, vlo\u017eka \u010d\u00edslo: 74148\/L Telefon: +421434224809Mobil: +421905555028E-mail: info@abcplyn.ske-katalog: www.abcplyn.sk (d\u00e1le jen \u201eprovozovatel\u201c), kter\u00e1 [&hellip;]\" \/>\n<meta property=\"og:url\" content=\"https:\/\/www.abcplyn.cz\/eshop\/podminky-pouziti\/\" \/>\n<meta property=\"og:site_name\" content=\"abcplyn.cz\" \/>\n<meta property=\"article:modified_time\" content=\"2023-09-10T11:54:35+00:00\" \/>\n<meta name=\"twitter:card\" content=\"summary_large_image\" \/>\n<meta name=\"twitter:label1\" content=\"Odhadovan\u00e1 doba \u010dten\u00ed\" \/>\n\t<meta name=\"twitter:data1\" content=\"5 minut\" \/>\n<script type=\"application\/ld+json\" class=\"yoast-schema-graph\">{\"@context\":\"https:\\\/\\\/schema.org\",\"@graph\":[{\"@type\":\"WebPage\",\"@id\":\"https:\\\/\\\/www.abcplyn.cz\\\/eshop\\\/podminky-pouziti\\\/\",\"url\":\"https:\\\/\\\/www.abcplyn.cz\\\/eshop\\\/podminky-pouziti\\\/\",\"name\":\"Podm\u00ednky pou\u017eit\u00ed - abcplyn.cz\",\"isPartOf\":{\"@id\":\"https:\\\/\\\/www.abcplyn.cz\\\/eshop\\\/#website\"},\"datePublished\":\"2023-05-22T00:02:35+00:00\",\"dateModified\":\"2023-09-10T11:54:35+00:00\",\"breadcrumb\":{\"@id\":\"https:\\\/\\\/www.abcplyn.cz\\\/eshop\\\/podminky-pouziti\\\/#breadcrumb\"},\"inLanguage\":\"cs\",\"potentialAction\":[{\"@type\":\"ReadAction\",\"target\":[\"https:\\\/\\\/www.abcplyn.cz\\\/eshop\\\/podminky-pouziti\\\/\"]}]},{\"@type\":\"BreadcrumbList\",\"@id\":\"https:\\\/\\\/www.abcplyn.cz\\\/eshop\\\/podminky-pouziti\\\/#breadcrumb\",\"itemListElement\":[{\"@type\":\"ListItem\",\"position\":1,\"name\":\"Domovsk\u00e1 str\u00e1nka\",\"item\":\"https:\\\/\\\/www.abcplyn.cz\\\/eshop\\\/\"},{\"@type\":\"ListItem\",\"position\":2,\"name\":\"Podm\u00ednky pou\u017eit\u00ed\"}]},{\"@type\":\"WebSite\",\"@id\":\"https:\\\/\\\/www.abcplyn.cz\\\/eshop\\\/#website\",\"url\":\"https:\\\/\\\/www.abcplyn.cz\\\/eshop\\\/\",\"name\":\"abcplyn.cz\",\"description\":\"Kom\u00ednov\u00fd syst\u00e9m\",\"publisher\":{\"@id\":\"https:\\\/\\\/www.abcplyn.cz\\\/eshop\\\/#organization\"},\"potentialAction\":[{\"@type\":\"SearchAction\",\"target\":{\"@type\":\"EntryPoint\",\"urlTemplate\":\"https:\\\/\\\/www.abcplyn.cz\\\/eshop\\\/?s={search_term_string}\"},\"query-input\":{\"@type\":\"PropertyValueSpecification\",\"valueRequired\":true,\"valueName\":\"search_term_string\"}}],\"inLanguage\":\"cs\"},{\"@type\":\"Organization\",\"@id\":\"https:\\\/\\\/www.abcplyn.cz\\\/eshop\\\/#organization\",\"name\":\"abcplyn.cz\",\"url\":\"https:\\\/\\\/www.abcplyn.cz\\\/eshop\\\/\",\"logo\":{\"@type\":\"ImageObject\",\"inLanguage\":\"cs\",\"@id\":\"https:\\\/\\\/www.abcplyn.cz\\\/eshop\\\/#\\\/schema\\\/logo\\\/image\\\/\",\"url\":\"https:\\\/\\\/www.abcplyn.cz\\\/eshop\\\/wp-content\\\/uploads\\\/2023\\\/06\\\/abc-logo-2021-small.jpg\",\"contentUrl\":\"https:\\\/\\\/www.abcplyn.cz\\\/eshop\\\/wp-content\\\/uploads\\\/2023\\\/06\\\/abc-logo-2021-small.jpg\",\"width\":250,\"height\":60,\"caption\":\"abcplyn.cz\"},\"image\":{\"@id\":\"https:\\\/\\\/www.abcplyn.cz\\\/eshop\\\/#\\\/schema\\\/logo\\\/image\\\/\"}}]}<\/script>\n<!-- \/ Yoast SEO plugin. -->","yoast_head_json":{"title":"Podm\u00ednky pou\u017eit\u00ed - abcplyn.cz","robots":{"index":"index","follow":"follow","max-snippet":"max-snippet:-1","max-image-preview":"max-image-preview:large","max-video-preview":"max-video-preview:-1"},"canonical":"https:\/\/www.abcplyn.cz\/eshop\/podminky-pouziti\/","og_locale":"cs_CZ","og_type":"article","og_title":"Podm\u00ednky pou\u017eit\u00ed - abcplyn.cz","og_description":"I. OBECN\u00c1 USTANOVEN\u00cd Objedn\u00e1vky v elektronick\u00e9m produktov\u00e9m katalogu pro smluvn\u00ed obchodn\u00ed partnery nejsou ur\u010deny kone\u010dn\u00e9mu spot\u0159ebiteli (ob\u010danovi). Provozovatelem dom\u00e9ny www.abcplyn.cz\/eshop (d\u00e1le jen \u201estr\u00e1nka\u201c) je spole\u010dnost:abcplyn.sk s. r. o.\u010ceskoslovenskej arm\u00e1dy 2, 036 01 MartinI\u010cO:52939979DI\u010c: 2121188025I\u010c DPH:SK2121188025zapsan\u00e1 v obchodn\u00edm rejst\u0159\u00edku okresn\u00edho soudu \u017dilina, odd\u00edl s.r.o, vlo\u017eka \u010d\u00edslo: 74148\/L Telefon: +421434224809Mobil: +421905555028E-mail: info@abcplyn.ske-katalog: www.abcplyn.sk (d\u00e1le jen \u201eprovozovatel\u201c), kter\u00e1 [&hellip;]","og_url":"https:\/\/www.abcplyn.cz\/eshop\/podminky-pouziti\/","og_site_name":"abcplyn.cz","article_modified_time":"2023-09-10T11:54:35+00:00","twitter_card":"summary_large_image","twitter_misc":{"Odhadovan\u00e1 doba \u010dten\u00ed":"5 minut"},"schema":{"@context":"https:\/\/schema.org","@graph":[{"@type":"WebPage","@id":"https:\/\/www.abcplyn.cz\/eshop\/podminky-pouziti\/","url":"https:\/\/www.abcplyn.cz\/eshop\/podminky-pouziti\/","name":"Podm\u00ednky pou\u017eit\u00ed - abcplyn.cz","isPartOf":{"@id":"https:\/\/www.abcplyn.cz\/eshop\/#website"},"datePublished":"2023-05-22T00:02:35+00:00","dateModified":"2023-09-10T11:54:35+00:00","breadcrumb":{"@id":"https:\/\/www.abcplyn.cz\/eshop\/podminky-pouziti\/#breadcrumb"},"inLanguage":"cs","potentialAction":[{"@type":"ReadAction","target":["https:\/\/www.abcplyn.cz\/eshop\/podminky-pouziti\/"]}]},{"@type":"BreadcrumbList","@id":"https:\/\/www.abcplyn.cz\/eshop\/podminky-pouziti\/#breadcrumb","itemListElement":[{"@type":"ListItem","position":1,"name":"Domovsk\u00e1 str\u00e1nka","item":"https:\/\/www.abcplyn.cz\/eshop\/"},{"@type":"ListItem","position":2,"name":"Podm\u00ednky pou\u017eit\u00ed"}]},{"@type":"WebSite","@id":"https:\/\/www.abcplyn.cz\/eshop\/#website","url":"https:\/\/www.abcplyn.cz\/eshop\/","name":"abcplyn.cz","description":"Kom\u00ednov\u00fd syst\u00e9m","publisher":{"@id":"https:\/\/www.abcplyn.cz\/eshop\/#organization"},"potentialAction":[{"@type":"SearchAction","target":{"@type":"EntryPoint","urlTemplate":"https:\/\/www.abcplyn.cz\/eshop\/?s={search_term_string}"},"query-input":{"@type":"PropertyValueSpecification","valueRequired":true,"valueName":"search_term_string"}}],"inLanguage":"cs"},{"@type":"Organization","@id":"https:\/\/www.abcplyn.cz\/eshop\/#organization","name":"abcplyn.cz","url":"https:\/\/www.abcplyn.cz\/eshop\/","logo":{"@type":"ImageObject","inLanguage":"cs","@id":"https:\/\/www.abcplyn.cz\/eshop\/#\/schema\/logo\/image\/","url":"https:\/\/www.abcplyn.cz\/eshop\/wp-content\/uploads\/2023\/06\/abc-logo-2021-small.jpg","contentUrl":"https:\/\/www.abcplyn.cz\/eshop\/wp-content\/uploads\/2023\/06\/abc-logo-2021-small.jpg","width":250,"height":60,"caption":"abcplyn.cz"},"image":{"@id":"https:\/\/www.abcplyn.cz\/eshop\/#\/schema\/logo\/image\/"}}]}},"_links":{"self":[{"href":"https:\/\/www.abcplyn.cz\/eshop\/wp-json\/wp\/v2\/pages\/3","targetHints":{"allow":["GET"]}}],"collection":[{"href":"https:\/\/www.abcplyn.cz\/eshop\/wp-json\/wp\/v2\/pages"}],"about":[{"href":"https:\/\/www.abcplyn.cz\/eshop\/wp-json\/wp\/v2\/types\/page"}],"author":[{"embeddable":true,"href":"https:\/\/www.abcplyn.cz\/eshop\/wp-json\/wp\/v2\/users\/1"}],"replies":[{"embeddable":true,"href":"https:\/\/www.abcplyn.cz\/eshop\/wp-json\/wp\/v2\/comments?post=3"}],"version-history":[{"count":12,"href":"https:\/\/www.abcplyn.cz\/eshop\/wp-json\/wp\/v2\/pages\/3\/revisions"}],"predecessor-version":[{"id":6922,"href":"https:\/\/www.abcplyn.cz\/eshop\/wp-json\/wp\/v2\/pages\/3\/revisions\/6922"}],"wp:attachment":[{"href":"https:\/\/www.abcplyn.cz\/eshop\/wp-json\/wp\/v2\/media?parent=3"}],"curies":[{"name":"wp","href":"https:\/\/api.w.org\/{rel}","templated":true}]}}