{"id":6925,"date":"2023-09-10T14:02:36","date_gmt":"2023-09-10T12:02:36","guid":{"rendered":"https:\/\/abcplyn.till.sk\/?page_id=6925"},"modified":"2024-12-13T15:29:55","modified_gmt":"2024-12-13T14:29:55","slug":"gdpr","status":"publish","type":"page","link":"https:\/\/www.abcplyn.cz\/eshop\/gdpr\/","title":{"rendered":"GDPR"},"content":{"rendered":"\t\t<div data-elementor-type=\"wp-page\" data-elementor-id=\"6925\" class=\"elementor elementor-6925\">\n\t\t\t\t\t\t<section class=\"elementor-section elementor-top-section elementor-element elementor-element-7bc3626 elementor-section-boxed elementor-section-height-default elementor-section-height-default\" data-id=\"7bc3626\" data-element_type=\"section\" data-e-type=\"section\">\n\t\t\t\t\t\t<div class=\"elementor-container elementor-column-gap-default\">\n\t\t\t\t\t<div class=\"elementor-column elementor-col-100 elementor-top-column elementor-element elementor-element-bdfe609\" data-id=\"bdfe609\" data-element_type=\"column\" data-e-type=\"column\">\n\t\t\t<div class=\"elementor-widget-wrap elementor-element-populated\">\n\t\t\t\t\t\t<div class=\"elementor-element elementor-element-65413fb elementor-widget elementor-widget-button\" data-id=\"65413fb\" data-element_type=\"widget\" data-e-type=\"widget\" data-widget_type=\"button.default\">\n\t\t\t\t<div class=\"elementor-widget-container\">\n\t\t\t\t\t\t\t\t\t<div class=\"elementor-button-wrapper\">\n\t\t\t\t\t<a class=\"elementor-button elementor-button-link elementor-size-xl\" href=\"https:\/\/www.abcplyn.cz\/eshop\/wp-content\/uploads\/2023\/09\/01-ABC-PLYN-projekt-GDPR-INFO-NA-WEB.pdf\" target=\"_blank\">\n\t\t\t\t\t\t<span class=\"elementor-button-content-wrapper\">\n\t\t\t\t\t\t\t\t\t<span class=\"elementor-button-text\">ABC PLYN s.r.o. - projekt GDPR - INFO NA WEB<\/span>\n\t\t\t\t\t<\/span>\n\t\t\t\t\t<\/a>\n\t\t\t\t<\/div>\n\t\t\t\t\t\t\t\t<\/div>\n\t\t\t\t<\/div>\n\t\t\t\t<div class=\"elementor-element elementor-element-f7c3928 elementor-widget elementor-widget-button\" data-id=\"f7c3928\" data-element_type=\"widget\" data-e-type=\"widget\" data-widget_type=\"button.default\">\n\t\t\t\t<div class=\"elementor-widget-container\">\n\t\t\t\t\t\t\t\t\t<div class=\"elementor-button-wrapper\">\n\t\t\t\t\t<a class=\"elementor-button elementor-button-link elementor-size-xl\" href=\"https:\/\/www.abcplyn.cz\/eshop\/wp-content\/uploads\/2023\/09\/02-ABC-PLYN-projekt-GDPR-POSUDENIE-VPLYVU.pdf\" target=\"_blank\">\n\t\t\t\t\t\t<span class=\"elementor-button-content-wrapper\">\n\t\t\t\t\t\t\t\t\t<span class=\"elementor-button-text\">ABC PLYN s.r.o. - projekt GDPR - POS\u00daDENIE VPLYVU <\/span>\n\t\t\t\t\t<\/span>\n\t\t\t\t\t<\/a>\n\t\t\t\t<\/div>\n\t\t\t\t\t\t\t\t<\/div>\n\t\t\t\t<\/div>\n\t\t\t\t<div class=\"elementor-element elementor-element-bfa30b1 elementor-widget elementor-widget-button\" data-id=\"bfa30b1\" data-element_type=\"widget\" data-e-type=\"widget\" data-widget_type=\"button.default\">\n\t\t\t\t<div class=\"elementor-widget-container\">\n\t\t\t\t\t\t\t\t\t<div class=\"elementor-button-wrapper\">\n\t\t\t\t\t<a class=\"elementor-button elementor-button-link elementor-size-xl\" href=\"https:\/\/www.abcplyn.cz\/eshop\/wp-content\/uploads\/2023\/09\/03-ABC-PLYN-projekt-GDPR-SUHLAS.pdf\" target=\"_blank\">\n\t\t\t\t\t\t<span class=\"elementor-button-content-wrapper\">\n\t\t\t\t\t\t\t\t\t<span class=\"elementor-button-text\">ABC PLYN s.r.o. - projekt GDPR - S\u00daHLAS <\/span>\n\t\t\t\t\t<\/span>\n\t\t\t\t\t<\/a>\n\t\t\t\t<\/div>\n\t\t\t\t\t\t\t\t<\/div>\n\t\t\t\t<\/div>\n\t\t\t\t<div class=\"elementor-element elementor-element-e5f925c elementor-widget elementor-widget-button\" data-id=\"e5f925c\" data-element_type=\"widget\" data-e-type=\"widget\" data-widget_type=\"button.default\">\n\t\t\t\t<div class=\"elementor-widget-container\">\n\t\t\t\t\t\t\t\t\t<div class=\"elementor-button-wrapper\">\n\t\t\t\t\t<a class=\"elementor-button elementor-button-link elementor-size-xl\" href=\"https:\/\/www.abcplyn.cz\/eshop\/wp-content\/uploads\/2023\/09\/04-ABC-PLYN-projekt-GDPR-ZAZNAMY.pdf\" target=\"_blank\">\n\t\t\t\t\t\t<span class=\"elementor-button-content-wrapper\">\n\t\t\t\t\t\t\t\t\t<span class=\"elementor-button-text\">ABC PLYN s.r.o. - projekt GDPR - Z\u00c1ZNAMY <\/span>\n\t\t\t\t\t<\/span>\n\t\t\t\t\t<\/a>\n\t\t\t\t<\/div>\n\t\t\t\t\t\t\t\t<\/div>\n\t\t\t\t<\/div>\n\t\t\t\t<div class=\"elementor-element elementor-element-331d9d9 elementor-widget elementor-widget-button\" data-id=\"331d9d9\" data-element_type=\"widget\" data-e-type=\"widget\" data-widget_type=\"button.default\">\n\t\t\t\t<div class=\"elementor-widget-container\">\n\t\t\t\t\t\t\t\t\t<div class=\"elementor-button-wrapper\">\n\t\t\t\t\t<a class=\"elementor-button elementor-button-link elementor-size-xl\" href=\"https:\/\/www.abcplyn.cz\/eshop\/wp-content\/uploads\/2023\/09\/05-ABC-PLYN-projekt-GDPR-Zmluva-medzi-prevadzkovatelom-sprostredkovatelom.pdf\" target=\"_blank\">\n\t\t\t\t\t\t<span class=\"elementor-button-content-wrapper\">\n\t\t\t\t\t\t\t\t\t<span class=\"elementor-button-text\">ABC PLYN s.r.o. - projekt GDPR - Zmluva medzi prevadzkovatelom a sprostredkovatelom <\/span>\n\t\t\t\t\t<\/span>\n\t\t\t\t\t<\/a>\n\t\t\t\t<\/div>\n\t\t\t\t\t\t\t\t<\/div>\n\t\t\t\t<\/div>\n\t\t\t\t\t<\/div>\n\t\t<\/div>\n\t\t\t\t\t<\/div>\n\t\t<\/section>\n\t\t\t\t<\/div>\n\t\t","protected":false},"excerpt":{"rendered":"<p>ABC PLYN s.r.o. &#8211; projekt GDPR &#8211; INFO NA WEB ABC PLYN s.r.o. &#8211; projekt GDPR &#8211; POS\u00daDENIE VPLYVU ABC PLYN s.r.o. &#8211; projekt GDPR &#8211; S\u00daHLAS ABC PLYN s.r.o. &#8211; projekt GDPR &#8211; Z\u00c1ZNAMY ABC PLYN s.r.o. &#8211; projekt GDPR &#8211; Zmluva medzi prevadzkovatelom a sprostredkovatelom<\/p>\n","protected":false},"author":1,"featured_media":0,"parent":0,"menu_order":0,"comment_status":"closed","ping_status":"closed","template":"","meta":{"_acf_changed":false,"footnotes":""},"class_list":["post-6925","page","type-page","status-publish","hentry"],"acf":[],"yoast_head":"<!-- This site is optimized with the Yoast SEO plugin v27.4 - https:\/\/yoast.com\/product\/yoast-seo-wordpress\/ -->\n<title>GDPR - abcplyn.cz<\/title>\n<meta name=\"robots\" content=\"index, follow, max-snippet:-1, max-image-preview:large, max-video-preview:-1\" \/>\n<link rel=\"canonical\" href=\"https:\/\/www.abcplyn.cz\/eshop\/gdpr\/\" \/>\n<meta property=\"og:locale\" content=\"cs_CZ\" \/>\n<meta property=\"og:type\" content=\"article\" \/>\n<meta property=\"og:title\" content=\"GDPR - abcplyn.cz\" \/>\n<meta property=\"og:description\" content=\"ABC PLYN s.r.o. &#8211; projekt GDPR &#8211; INFO NA WEB ABC PLYN s.r.o. &#8211; projekt GDPR &#8211; POS\u00daDENIE VPLYVU ABC PLYN s.r.o. &#8211; projekt GDPR &#8211; S\u00daHLAS ABC PLYN s.r.o. &#8211; projekt GDPR &#8211; Z\u00c1ZNAMY ABC PLYN s.r.o. &#8211; projekt GDPR &#8211; Zmluva medzi prevadzkovatelom a sprostredkovatelom\" \/>\n<meta property=\"og:url\" content=\"https:\/\/www.abcplyn.cz\/eshop\/gdpr\/\" \/>\n<meta property=\"og:site_name\" content=\"abcplyn.cz\" \/>\n<meta property=\"article:modified_time\" content=\"2024-12-13T14:29:55+00:00\" \/>\n<meta name=\"twitter:card\" content=\"summary_large_image\" \/>\n<script type=\"application\/ld+json\" class=\"yoast-schema-graph\">{\"@context\":\"https:\\\/\\\/schema.org\",\"@graph\":[{\"@type\":\"WebPage\",\"@id\":\"https:\\\/\\\/www.abcplyn.cz\\\/eshop\\\/gdpr\\\/\",\"url\":\"https:\\\/\\\/www.abcplyn.cz\\\/eshop\\\/gdpr\\\/\",\"name\":\"GDPR - abcplyn.cz\",\"isPartOf\":{\"@id\":\"https:\\\/\\\/www.abcplyn.cz\\\/eshop\\\/#website\"},\"datePublished\":\"2023-09-10T12:02:36+00:00\",\"dateModified\":\"2024-12-13T14:29:55+00:00\",\"breadcrumb\":{\"@id\":\"https:\\\/\\\/www.abcplyn.cz\\\/eshop\\\/gdpr\\\/#breadcrumb\"},\"inLanguage\":\"cs\",\"potentialAction\":[{\"@type\":\"ReadAction\",\"target\":[\"https:\\\/\\\/www.abcplyn.cz\\\/eshop\\\/gdpr\\\/\"]}]},{\"@type\":\"BreadcrumbList\",\"@id\":\"https:\\\/\\\/www.abcplyn.cz\\\/eshop\\\/gdpr\\\/#breadcrumb\",\"itemListElement\":[{\"@type\":\"ListItem\",\"position\":1,\"name\":\"Domovsk\u00e1 str\u00e1nka\",\"item\":\"https:\\\/\\\/www.abcplyn.cz\\\/eshop\\\/\"},{\"@type\":\"ListItem\",\"position\":2,\"name\":\"GDPR\"}]},{\"@type\":\"WebSite\",\"@id\":\"https:\\\/\\\/www.abcplyn.cz\\\/eshop\\\/#website\",\"url\":\"https:\\\/\\\/www.abcplyn.cz\\\/eshop\\\/\",\"name\":\"abcplyn.cz\",\"description\":\"Kom\u00ednov\u00fd syst\u00e9m\",\"publisher\":{\"@id\":\"https:\\\/\\\/www.abcplyn.cz\\\/eshop\\\/#organization\"},\"potentialAction\":[{\"@type\":\"SearchAction\",\"target\":{\"@type\":\"EntryPoint\",\"urlTemplate\":\"https:\\\/\\\/www.abcplyn.cz\\\/eshop\\\/?s={search_term_string}\"},\"query-input\":{\"@type\":\"PropertyValueSpecification\",\"valueRequired\":true,\"valueName\":\"search_term_string\"}}],\"inLanguage\":\"cs\"},{\"@type\":\"Organization\",\"@id\":\"https:\\\/\\\/www.abcplyn.cz\\\/eshop\\\/#organization\",\"name\":\"abcplyn.cz\",\"url\":\"https:\\\/\\\/www.abcplyn.cz\\\/eshop\\\/\",\"logo\":{\"@type\":\"ImageObject\",\"inLanguage\":\"cs\",\"@id\":\"https:\\\/\\\/www.abcplyn.cz\\\/eshop\\\/#\\\/schema\\\/logo\\\/image\\\/\",\"url\":\"https:\\\/\\\/www.abcplyn.cz\\\/eshop\\\/wp-content\\\/uploads\\\/2023\\\/06\\\/abc-logo-2021-small.jpg\",\"contentUrl\":\"https:\\\/\\\/www.abcplyn.cz\\\/eshop\\\/wp-content\\\/uploads\\\/2023\\\/06\\\/abc-logo-2021-small.jpg\",\"width\":250,\"height\":60,\"caption\":\"abcplyn.cz\"},\"image\":{\"@id\":\"https:\\\/\\\/www.abcplyn.cz\\\/eshop\\\/#\\\/schema\\\/logo\\\/image\\\/\"}}]}<\/script>\n<!-- \/ Yoast SEO plugin. -->","yoast_head_json":{"title":"GDPR - abcplyn.cz","robots":{"index":"index","follow":"follow","max-snippet":"max-snippet:-1","max-image-preview":"max-image-preview:large","max-video-preview":"max-video-preview:-1"},"canonical":"https:\/\/www.abcplyn.cz\/eshop\/gdpr\/","og_locale":"cs_CZ","og_type":"article","og_title":"GDPR - abcplyn.cz","og_description":"ABC PLYN s.r.o. &#8211; projekt GDPR &#8211; INFO NA WEB ABC PLYN s.r.o. &#8211; projekt GDPR &#8211; POS\u00daDENIE VPLYVU ABC PLYN s.r.o. &#8211; projekt GDPR &#8211; S\u00daHLAS ABC PLYN s.r.o. &#8211; projekt GDPR &#8211; Z\u00c1ZNAMY ABC PLYN s.r.o. &#8211; projekt GDPR &#8211; Zmluva medzi prevadzkovatelom a sprostredkovatelom","og_url":"https:\/\/www.abcplyn.cz\/eshop\/gdpr\/","og_site_name":"abcplyn.cz","article_modified_time":"2024-12-13T14:29:55+00:00","twitter_card":"summary_large_image","schema":{"@context":"https:\/\/schema.org","@graph":[{"@type":"WebPage","@id":"https:\/\/www.abcplyn.cz\/eshop\/gdpr\/","url":"https:\/\/www.abcplyn.cz\/eshop\/gdpr\/","name":"GDPR - abcplyn.cz","isPartOf":{"@id":"https:\/\/www.abcplyn.cz\/eshop\/#website"},"datePublished":"2023-09-10T12:02:36+00:00","dateModified":"2024-12-13T14:29:55+00:00","breadcrumb":{"@id":"https:\/\/www.abcplyn.cz\/eshop\/gdpr\/#breadcrumb"},"inLanguage":"cs","potentialAction":[{"@type":"ReadAction","target":["https:\/\/www.abcplyn.cz\/eshop\/gdpr\/"]}]},{"@type":"BreadcrumbList","@id":"https:\/\/www.abcplyn.cz\/eshop\/gdpr\/#breadcrumb","itemListElement":[{"@type":"ListItem","position":1,"name":"Domovsk\u00e1 str\u00e1nka","item":"https:\/\/www.abcplyn.cz\/eshop\/"},{"@type":"ListItem","position":2,"name":"GDPR"}]},{"@type":"WebSite","@id":"https:\/\/www.abcplyn.cz\/eshop\/#website","url":"https:\/\/www.abcplyn.cz\/eshop\/","name":"abcplyn.cz","description":"Kom\u00ednov\u00fd syst\u00e9m","publisher":{"@id":"https:\/\/www.abcplyn.cz\/eshop\/#organization"},"potentialAction":[{"@type":"SearchAction","target":{"@type":"EntryPoint","urlTemplate":"https:\/\/www.abcplyn.cz\/eshop\/?s={search_term_string}"},"query-input":{"@type":"PropertyValueSpecification","valueRequired":true,"valueName":"search_term_string"}}],"inLanguage":"cs"},{"@type":"Organization","@id":"https:\/\/www.abcplyn.cz\/eshop\/#organization","name":"abcplyn.cz","url":"https:\/\/www.abcplyn.cz\/eshop\/","logo":{"@type":"ImageObject","inLanguage":"cs","@id":"https:\/\/www.abcplyn.cz\/eshop\/#\/schema\/logo\/image\/","url":"https:\/\/www.abcplyn.cz\/eshop\/wp-content\/uploads\/2023\/06\/abc-logo-2021-small.jpg","contentUrl":"https:\/\/www.abcplyn.cz\/eshop\/wp-content\/uploads\/2023\/06\/abc-logo-2021-small.jpg","width":250,"height":60,"caption":"abcplyn.cz"},"image":{"@id":"https:\/\/www.abcplyn.cz\/eshop\/#\/schema\/logo\/image\/"}}]}},"_links":{"self":[{"href":"https:\/\/www.abcplyn.cz\/eshop\/wp-json\/wp\/v2\/pages\/6925","targetHints":{"allow":["GET"]}}],"collection":[{"href":"https:\/\/www.abcplyn.cz\/eshop\/wp-json\/wp\/v2\/pages"}],"about":[{"href":"https:\/\/www.abcplyn.cz\/eshop\/wp-json\/wp\/v2\/types\/page"}],"author":[{"embeddable":true,"href":"https:\/\/www.abcplyn.cz\/eshop\/wp-json\/wp\/v2\/users\/1"}],"replies":[{"embeddable":true,"href":"https:\/\/www.abcplyn.cz\/eshop\/wp-json\/wp\/v2\/comments?post=6925"}],"version-history":[{"count":16,"href":"https:\/\/www.abcplyn.cz\/eshop\/wp-json\/wp\/v2\/pages\/6925\/revisions"}],"predecessor-version":[{"id":9333,"href":"https:\/\/www.abcplyn.cz\/eshop\/wp-json\/wp\/v2\/pages\/6925\/revisions\/9333"}],"wp:attachment":[{"href":"https:\/\/www.abcplyn.cz\/eshop\/wp-json\/wp\/v2\/media?parent=6925"}],"curies":[{"name":"wp","href":"https:\/\/api.w.org\/{rel}","templated":true}]}}