{"id":6946,"date":"2023-09-11T08:41:50","date_gmt":"2023-09-11T06:41:50","guid":{"rendered":"https:\/\/abcplyn.till.sk\/?page_id=6946"},"modified":"2026-02-27T09:06:39","modified_gmt":"2026-02-27T08:06:39","slug":"kontakt","status":"publish","type":"page","link":"https:\/\/www.abcplyn.cz\/eshop\/kontakt\/","title":{"rendered":"Kontakt"},"content":{"rendered":"\t\t<div data-elementor-type=\"wp-page\" data-elementor-id=\"6946\" class=\"elementor elementor-6946\">\n\t\t\t\t\t\t<section class=\"elementor-section elementor-top-section elementor-element elementor-element-7c445c9 elementor-section-boxed elementor-section-height-default elementor-section-height-default\" data-id=\"7c445c9\" data-element_type=\"section\" data-e-type=\"section\">\n\t\t\t\t\t\t<div class=\"elementor-container elementor-column-gap-default\">\n\t\t\t\t\t<div class=\"elementor-column elementor-col-100 elementor-top-column elementor-element elementor-element-07714ab\" data-id=\"07714ab\" data-element_type=\"column\" data-e-type=\"column\">\n\t\t\t<div class=\"elementor-widget-wrap elementor-element-populated\">\n\t\t\t\t\t\t<div class=\"elementor-element elementor-element-3278a29 elementor-widget elementor-widget-text-editor\" data-id=\"3278a29\" data-element_type=\"widget\" data-e-type=\"widget\" data-widget_type=\"text-editor.default\">\n\t\t\t\t<div class=\"elementor-widget-container\">\n\t\t\t\t\t\t\t\t\t<p><strong>abcplyn.sk s. r. o.<\/strong><br \/>\u010ceskoslovenskej arm\u00e1dy 2, 036 01 Martin<br \/>I\u010cO: 52939979<br \/>DI\u010c: 2121188025<br \/>I\u010c DPH: SK2121188025<\/p><p>zapsan\u00e1 v obchodn\u00edm rejst\u0159\u00edku okresn\u00edho soudu \u017dilina, odd\u00edl s.r.o, vlo\u017eka \u010d\u00edslo: 74148\/L<\/p><p><strong>Mana\u017eer prodeje \u010cR<\/strong><\/p><p><strong>Adam \u0158\u00edha<\/strong><\/p><p>mobil: <a href=\"tel:+420773007568\">+420 773 007 568<\/a><\/p><p>e-mail: <a href=\"mailto:riha@abcplyn.cz\">riha@abcplyn.cz<\/a><\/p><p><strong>Centr\u00e1la Martin SK<\/strong><br \/>Telefon: +421434224809<br \/>Mobil: +421905555028, +421917842055<br \/>e-mail: info@abcplyn.sk<\/p><p><strong>Otev\u00edrac\u00ed doba:<\/strong> Po-P\u00e1 od 7:00 do 15:30<\/p><p><strong>Google maps:<\/strong><a style=\"font-family: var( --e-global-typography-text-font-family ), Sans-serif; font-weight: var( --e-global-typography-text-font-weight ); background-color: #ffffff; font-size: 1rem;\" href=\"https:\/\/www.google.com\/maps\/place\/abcplyn.sk+s.r.o.\/@49.0708367,18.9169559,17z\/data=!3m1!4b1!4m6!3m5!1s0x4714ff8238422485:0x2c7e5cdcb5577982!8m2!3d49.0708367!4d18.9169559!16s%2Fg%2F11qbbfq0lb?hl=sk&amp;entry=ttu\" target=\"_blank\" rel=\"noopener\">https:\/\/www.google.com MT<\/a><\/p>\t\t\t\t\t\t\t\t<\/div>\n\t\t\t\t<\/div>\n\t\t\t\t\t<\/div>\n\t\t<\/div>\n\t\t\t\t\t<\/div>\n\t\t<\/section>\n\t\t\t\t<section class=\"elementor-section elementor-top-section elementor-element elementor-element-808e728 elementor-section-boxed elementor-section-height-default elementor-section-height-default\" data-id=\"808e728\" data-element_type=\"section\" data-e-type=\"section\">\n\t\t\t\t\t\t<div class=\"elementor-container elementor-column-gap-default\">\n\t\t\t\t\t<div class=\"elementor-column elementor-col-100 elementor-top-column elementor-element elementor-element-4c5a650\" data-id=\"4c5a650\" data-element_type=\"column\" data-e-type=\"column\">\n\t\t\t<div class=\"elementor-widget-wrap elementor-element-populated\">\n\t\t\t\t\t\t<div class=\"elementor-element elementor-element-f05d0fc elementor-shape-circle e-grid-align-left elementor-grid-0 elementor-widget elementor-widget-social-icons\" data-id=\"f05d0fc\" data-element_type=\"widget\" data-e-type=\"widget\" data-widget_type=\"social-icons.default\">\n\t\t\t\t<div class=\"elementor-widget-container\">\n\t\t\t\t\t\t\t<div class=\"elementor-social-icons-wrapper elementor-grid\" role=\"list\">\n\t\t\t\t\t\t\t<span class=\"elementor-grid-item\" role=\"listitem\">\n\t\t\t\t\t<a class=\"elementor-icon elementor-social-icon elementor-social-icon-facebook elementor-repeater-item-1f343fd\" href=\"https:\/\/www.facebook.com\/abcplyn.cz\" target=\"_blank\">\n\t\t\t\t\t\t<span class=\"elementor-screen-only\">Facebook<\/span>\n\t\t\t\t\t\t<i aria-hidden=\"true\" class=\"fab fa-facebook\"><\/i>\t\t\t\t\t<\/a>\n\t\t\t\t<\/span>\n\t\t\t\t\t\t\t<span class=\"elementor-grid-item\" role=\"listitem\">\n\t\t\t\t\t<a class=\"elementor-icon elementor-social-icon elementor-social-icon-instagram elementor-repeater-item-580e116\" href=\"https:\/\/www.instagram.com\/abcplyn.cz\" target=\"_blank\">\n\t\t\t\t\t\t<span class=\"elementor-screen-only\">Instagram<\/span>\n\t\t\t\t\t\t<i aria-hidden=\"true\" class=\"fab fa-instagram\"><\/i>\t\t\t\t\t<\/a>\n\t\t\t\t<\/span>\n\t\t\t\t\t<\/div>\n\t\t\t\t\t\t<\/div>\n\t\t\t\t<\/div>\n\t\t\t\t\t<\/div>\n\t\t<\/div>\n\t\t\t\t\t<\/div>\n\t\t<\/section>\n\t\t\t\t<section class=\"elementor-section elementor-top-section elementor-element elementor-element-db7a3bc elementor-section-boxed elementor-section-height-default elementor-section-height-default\" data-id=\"db7a3bc\" data-element_type=\"section\" data-e-type=\"section\">\n\t\t\t\t\t\t<div class=\"elementor-container elementor-column-gap-default\">\n\t\t\t\t\t<div class=\"elementor-column elementor-col-100 elementor-top-column elementor-element elementor-element-71512fd\" data-id=\"71512fd\" data-element_type=\"column\" data-e-type=\"column\">\n\t\t\t<div class=\"elementor-widget-wrap elementor-element-populated\">\n\t\t\t\t\t\t<div class=\"elementor-element elementor-element-c89c5ec elementor-widget elementor-widget-heading\" data-id=\"c89c5ec\" data-element_type=\"widget\" data-e-type=\"widget\" data-widget_type=\"heading.default\">\n\t\t\t\t<div class=\"elementor-widget-container\">\n\t\t\t\t\t<h2 class=\"elementor-heading-title elementor-size-default\">Martin<\/h2>\t\t\t\t<\/div>\n\t\t\t\t<\/div>\n\t\t\t\t<div class=\"elementor-element elementor-element-1a6deb4 elementor-widget elementor-widget-text-editor\" data-id=\"1a6deb4\" data-element_type=\"widget\" data-e-type=\"widget\" data-widget_type=\"text-editor.default\">\n\t\t\t\t<div class=\"elementor-widget-container\">\n\t\t\t\t\t\t\t\t\t<p><strong>Martin-centr\u00e1la:<\/strong>\u00a0<a href=\"https:\/\/www.google.com\/maps\/place\/abcplyn.sk+s.r.o.\/@49.0708367,18.9147672,17z\/data=!3m1!4b1!4m5!3m4!1s0x4714ff8238422485:0x2c7e5cdcb5577982!8m2!3d49.0708367!4d18.9169559?hl=sk\" target=\"_blank\" rel=\"noopener\">www.google.com\/maps\/place\/abcplyn.sk MT<\/a><\/p>\t\t\t\t\t\t\t\t<\/div>\n\t\t\t\t<\/div>\n\t\t\t\t<div class=\"elementor-element elementor-element-3ebe87d elementor-widget elementor-widget-image\" data-id=\"3ebe87d\" data-element_type=\"widget\" data-e-type=\"widget\" data-widget_type=\"image.default\">\n\t\t\t\t<div class=\"elementor-widget-container\">\n\t\t\t\t\t\t\t\t\t\t\t\t\t\t\t<img fetchpriority=\"high\" decoding=\"async\" width=\"2000\" height=\"900\" src=\"https:\/\/www.abcplyn.cz\/eshop\/wp-content\/uploads\/2025\/01\/abcplyn-martin-1.jpg\" class=\"attachment-full size-full wp-image-9404\" alt=\"\" srcset=\"https:\/\/www.abcplyn.cz\/eshop\/wp-content\/uploads\/2025\/01\/abcplyn-martin-1.jpg 2000w, https:\/\/www.abcplyn.cz\/eshop\/wp-content\/uploads\/2025\/01\/abcplyn-martin-1-800x360.jpg 800w, https:\/\/www.abcplyn.cz\/eshop\/wp-content\/uploads\/2025\/01\/abcplyn-martin-1-1024x461.jpg 1024w, https:\/\/www.abcplyn.cz\/eshop\/wp-content\/uploads\/2025\/01\/abcplyn-martin-1-768x346.jpg 768w, https:\/\/www.abcplyn.cz\/eshop\/wp-content\/uploads\/2025\/01\/abcplyn-martin-1-1536x691.jpg 1536w, https:\/\/www.abcplyn.cz\/eshop\/wp-content\/uploads\/2025\/01\/abcplyn-martin-1-300x135.jpg 300w, https:\/\/www.abcplyn.cz\/eshop\/wp-content\/uploads\/2025\/01\/abcplyn-martin-1-600x270.jpg 600w, https:\/\/www.abcplyn.cz\/eshop\/wp-content\/uploads\/2025\/01\/abcplyn-martin-1-64x29.jpg 64w\" sizes=\"(max-width: 2000px) 100vw, 2000px\" \/>\t\t\t\t\t\t\t\t\t\t\t\t\t\t\t<\/div>\n\t\t\t\t<\/div>\n\t\t\t\t<div class=\"elementor-element elementor-element-caca0dd elementor-widget elementor-widget-google_maps\" data-id=\"caca0dd\" data-element_type=\"widget\" data-e-type=\"widget\" data-widget_type=\"google_maps.default\">\n\t\t\t\t<div class=\"elementor-widget-container\">\n\t\t\t\t\t\t\t<div class=\"elementor-custom-embed\">\n\t\t\t<iframe loading=\"lazy\"\n\t\t\t\t\tsrc=\"https:\/\/maps.google.com\/maps?q=%20ABC%20PLYN%2C%20spol.%20s%20r.o.%20%C4%8Ceskoslovenskej%20arm%C3%A1dy%201695%2F6%2C%20Martin%2C%20036%2001%20Martin&#038;t=m&#038;z=15&#038;output=embed&#038;iwloc=near\"\n\t\t\t\t\ttitle=\" ABC PLYN, spol. s r.o. \u010ceskoslovenskej arm\u00e1dy 1695\/6, Martin, 036 01 Martin\"\n\t\t\t\t\taria-label=\" ABC PLYN, spol. s r.o. \u010ceskoslovenskej arm\u00e1dy 1695\/6, Martin, 036 01 Martin\"\n\t\t\t><\/iframe>\n\t\t<\/div>\n\t\t\t\t\t\t<\/div>\n\t\t\t\t<\/div>\n\t\t\t\t\t<\/div>\n\t\t<\/div>\n\t\t\t\t\t<\/div>\n\t\t<\/section>\n\t\t\t\t<\/div>\n\t\t","protected":false},"excerpt":{"rendered":"<p>abcplyn.sk s. r. o.\u010ceskoslovenskej arm\u00e1dy 2, 036 01 MartinI\u010cO: 52939979DI\u010c: 2121188025I\u010c DPH: SK2121188025 zapsan\u00e1 v obchodn\u00edm rejst\u0159\u00edku okresn\u00edho soudu \u017dilina, odd\u00edl s.r.o, vlo\u017eka \u010d\u00edslo: 74148\/L Mana\u017eer prodeje \u010cR Adam \u0158\u00edha mobil: +420 773 007 568 e-mail: riha@abcplyn.cz Centr\u00e1la Martin SKTelefon: +421434224809Mobil: +421905555028, +421917842055e-mail: info@abcplyn.sk Otev\u00edrac\u00ed doba: Po-P\u00e1 od 7:00 do 15:30 Google maps:https:\/\/www.google.com MT Facebook [&hellip;]<\/p>\n","protected":false},"author":1,"featured_media":0,"parent":0,"menu_order":0,"comment_status":"closed","ping_status":"closed","template":"","meta":{"_acf_changed":false,"footnotes":""},"class_list":["post-6946","page","type-page","status-publish","hentry"],"acf":[],"yoast_head":"<!-- This site is optimized with the Yoast SEO plugin v27.4 - https:\/\/yoast.com\/product\/yoast-seo-wordpress\/ -->\n<title>Kontakt - abcplyn.cz<\/title>\n<meta name=\"robots\" content=\"index, follow, max-snippet:-1, max-image-preview:large, max-video-preview:-1\" \/>\n<link rel=\"canonical\" href=\"https:\/\/www.abcplyn.cz\/eshop\/kontakt\/\" \/>\n<meta property=\"og:locale\" content=\"cs_CZ\" \/>\n<meta property=\"og:type\" content=\"article\" \/>\n<meta property=\"og:title\" content=\"Kontakt - abcplyn.cz\" \/>\n<meta property=\"og:description\" content=\"abcplyn.sk s. r. o.\u010ceskoslovenskej arm\u00e1dy 2, 036 01 MartinI\u010cO: 52939979DI\u010c: 2121188025I\u010c DPH: SK2121188025 zapsan\u00e1 v obchodn\u00edm rejst\u0159\u00edku okresn\u00edho soudu \u017dilina, odd\u00edl s.r.o, vlo\u017eka \u010d\u00edslo: 74148\/L Mana\u017eer prodeje \u010cR Adam \u0158\u00edha mobil: +420 773 007 568 e-mail: riha@abcplyn.cz Centr\u00e1la Martin SKTelefon: +421434224809Mobil: +421905555028, +421917842055e-mail: info@abcplyn.sk Otev\u00edrac\u00ed doba: Po-P\u00e1 od 7:00 do 15:30 Google maps:https:\/\/www.google.com MT Facebook [&hellip;]\" \/>\n<meta property=\"og:url\" content=\"https:\/\/www.abcplyn.cz\/eshop\/kontakt\/\" \/>\n<meta property=\"og:site_name\" content=\"abcplyn.cz\" \/>\n<meta property=\"article:modified_time\" content=\"2026-02-27T08:06:39+00:00\" \/>\n<meta property=\"og:image\" content=\"https:\/\/www.abcplyn.cz\/eshop\/wp-content\/uploads\/2025\/01\/abcplyn-martin-1.jpg\" \/>\n\t<meta property=\"og:image:width\" content=\"2000\" \/>\n\t<meta property=\"og:image:height\" content=\"900\" \/>\n\t<meta property=\"og:image:type\" content=\"image\/jpeg\" \/>\n<meta name=\"twitter:card\" content=\"summary_large_image\" \/>\n<meta name=\"twitter:label1\" content=\"Odhadovan\u00e1 doba \u010dten\u00ed\" \/>\n\t<meta name=\"twitter:data1\" content=\"1 minuta\" \/>\n<script type=\"application\/ld+json\" class=\"yoast-schema-graph\">{\"@context\":\"https:\\\/\\\/schema.org\",\"@graph\":[{\"@type\":\"WebPage\",\"@id\":\"https:\\\/\\\/www.abcplyn.cz\\\/eshop\\\/kontakt\\\/\",\"url\":\"https:\\\/\\\/www.abcplyn.cz\\\/eshop\\\/kontakt\\\/\",\"name\":\"Kontakt - abcplyn.cz\",\"isPartOf\":{\"@id\":\"https:\\\/\\\/www.abcplyn.cz\\\/eshop\\\/#website\"},\"primaryImageOfPage\":{\"@id\":\"https:\\\/\\\/www.abcplyn.cz\\\/eshop\\\/kontakt\\\/#primaryimage\"},\"image\":{\"@id\":\"https:\\\/\\\/www.abcplyn.cz\\\/eshop\\\/kontakt\\\/#primaryimage\"},\"thumbnailUrl\":\"https:\\\/\\\/www.abcplyn.cz\\\/eshop\\\/wp-content\\\/uploads\\\/2025\\\/01\\\/abcplyn-martin-1.jpg\",\"datePublished\":\"2023-09-11T06:41:50+00:00\",\"dateModified\":\"2026-02-27T08:06:39+00:00\",\"breadcrumb\":{\"@id\":\"https:\\\/\\\/www.abcplyn.cz\\\/eshop\\\/kontakt\\\/#breadcrumb\"},\"inLanguage\":\"cs\",\"potentialAction\":[{\"@type\":\"ReadAction\",\"target\":[\"https:\\\/\\\/www.abcplyn.cz\\\/eshop\\\/kontakt\\\/\"]}]},{\"@type\":\"ImageObject\",\"inLanguage\":\"cs\",\"@id\":\"https:\\\/\\\/www.abcplyn.cz\\\/eshop\\\/kontakt\\\/#primaryimage\",\"url\":\"https:\\\/\\\/www.abcplyn.cz\\\/eshop\\\/wp-content\\\/uploads\\\/2025\\\/01\\\/abcplyn-martin-1.jpg\",\"contentUrl\":\"https:\\\/\\\/www.abcplyn.cz\\\/eshop\\\/wp-content\\\/uploads\\\/2025\\\/01\\\/abcplyn-martin-1.jpg\",\"width\":2000,\"height\":900},{\"@type\":\"BreadcrumbList\",\"@id\":\"https:\\\/\\\/www.abcplyn.cz\\\/eshop\\\/kontakt\\\/#breadcrumb\",\"itemListElement\":[{\"@type\":\"ListItem\",\"position\":1,\"name\":\"Domovsk\u00e1 str\u00e1nka\",\"item\":\"https:\\\/\\\/www.abcplyn.cz\\\/eshop\\\/\"},{\"@type\":\"ListItem\",\"position\":2,\"name\":\"Kontakt\"}]},{\"@type\":\"WebSite\",\"@id\":\"https:\\\/\\\/www.abcplyn.cz\\\/eshop\\\/#website\",\"url\":\"https:\\\/\\\/www.abcplyn.cz\\\/eshop\\\/\",\"name\":\"abcplyn.cz\",\"description\":\"Kom\u00ednov\u00fd syst\u00e9m\",\"publisher\":{\"@id\":\"https:\\\/\\\/www.abcplyn.cz\\\/eshop\\\/#organization\"},\"potentialAction\":[{\"@type\":\"SearchAction\",\"target\":{\"@type\":\"EntryPoint\",\"urlTemplate\":\"https:\\\/\\\/www.abcplyn.cz\\\/eshop\\\/?s={search_term_string}\"},\"query-input\":{\"@type\":\"PropertyValueSpecification\",\"valueRequired\":true,\"valueName\":\"search_term_string\"}}],\"inLanguage\":\"cs\"},{\"@type\":\"Organization\",\"@id\":\"https:\\\/\\\/www.abcplyn.cz\\\/eshop\\\/#organization\",\"name\":\"abcplyn.cz\",\"url\":\"https:\\\/\\\/www.abcplyn.cz\\\/eshop\\\/\",\"logo\":{\"@type\":\"ImageObject\",\"inLanguage\":\"cs\",\"@id\":\"https:\\\/\\\/www.abcplyn.cz\\\/eshop\\\/#\\\/schema\\\/logo\\\/image\\\/\",\"url\":\"https:\\\/\\\/www.abcplyn.cz\\\/eshop\\\/wp-content\\\/uploads\\\/2023\\\/06\\\/abc-logo-2021-small.jpg\",\"contentUrl\":\"https:\\\/\\\/www.abcplyn.cz\\\/eshop\\\/wp-content\\\/uploads\\\/2023\\\/06\\\/abc-logo-2021-small.jpg\",\"width\":250,\"height\":60,\"caption\":\"abcplyn.cz\"},\"image\":{\"@id\":\"https:\\\/\\\/www.abcplyn.cz\\\/eshop\\\/#\\\/schema\\\/logo\\\/image\\\/\"}}]}<\/script>\n<!-- \/ Yoast SEO plugin. -->","yoast_head_json":{"title":"Kontakt - abcplyn.cz","robots":{"index":"index","follow":"follow","max-snippet":"max-snippet:-1","max-image-preview":"max-image-preview:large","max-video-preview":"max-video-preview:-1"},"canonical":"https:\/\/www.abcplyn.cz\/eshop\/kontakt\/","og_locale":"cs_CZ","og_type":"article","og_title":"Kontakt - abcplyn.cz","og_description":"abcplyn.sk s. r. o.\u010ceskoslovenskej arm\u00e1dy 2, 036 01 MartinI\u010cO: 52939979DI\u010c: 2121188025I\u010c DPH: SK2121188025 zapsan\u00e1 v obchodn\u00edm rejst\u0159\u00edku okresn\u00edho soudu \u017dilina, odd\u00edl s.r.o, vlo\u017eka \u010d\u00edslo: 74148\/L Mana\u017eer prodeje \u010cR Adam \u0158\u00edha mobil: +420 773 007 568 e-mail: riha@abcplyn.cz Centr\u00e1la Martin SKTelefon: +421434224809Mobil: +421905555028, +421917842055e-mail: info@abcplyn.sk Otev\u00edrac\u00ed doba: Po-P\u00e1 od 7:00 do 15:30 Google maps:https:\/\/www.google.com MT Facebook [&hellip;]","og_url":"https:\/\/www.abcplyn.cz\/eshop\/kontakt\/","og_site_name":"abcplyn.cz","article_modified_time":"2026-02-27T08:06:39+00:00","og_image":[{"width":2000,"height":900,"url":"https:\/\/www.abcplyn.cz\/eshop\/wp-content\/uploads\/2025\/01\/abcplyn-martin-1.jpg","type":"image\/jpeg"}],"twitter_card":"summary_large_image","twitter_misc":{"Odhadovan\u00e1 doba \u010dten\u00ed":"1 minuta"},"schema":{"@context":"https:\/\/schema.org","@graph":[{"@type":"WebPage","@id":"https:\/\/www.abcplyn.cz\/eshop\/kontakt\/","url":"https:\/\/www.abcplyn.cz\/eshop\/kontakt\/","name":"Kontakt - abcplyn.cz","isPartOf":{"@id":"https:\/\/www.abcplyn.cz\/eshop\/#website"},"primaryImageOfPage":{"@id":"https:\/\/www.abcplyn.cz\/eshop\/kontakt\/#primaryimage"},"image":{"@id":"https:\/\/www.abcplyn.cz\/eshop\/kontakt\/#primaryimage"},"thumbnailUrl":"https:\/\/www.abcplyn.cz\/eshop\/wp-content\/uploads\/2025\/01\/abcplyn-martin-1.jpg","datePublished":"2023-09-11T06:41:50+00:00","dateModified":"2026-02-27T08:06:39+00:00","breadcrumb":{"@id":"https:\/\/www.abcplyn.cz\/eshop\/kontakt\/#breadcrumb"},"inLanguage":"cs","potentialAction":[{"@type":"ReadAction","target":["https:\/\/www.abcplyn.cz\/eshop\/kontakt\/"]}]},{"@type":"ImageObject","inLanguage":"cs","@id":"https:\/\/www.abcplyn.cz\/eshop\/kontakt\/#primaryimage","url":"https:\/\/www.abcplyn.cz\/eshop\/wp-content\/uploads\/2025\/01\/abcplyn-martin-1.jpg","contentUrl":"https:\/\/www.abcplyn.cz\/eshop\/wp-content\/uploads\/2025\/01\/abcplyn-martin-1.jpg","width":2000,"height":900},{"@type":"BreadcrumbList","@id":"https:\/\/www.abcplyn.cz\/eshop\/kontakt\/#breadcrumb","itemListElement":[{"@type":"ListItem","position":1,"name":"Domovsk\u00e1 str\u00e1nka","item":"https:\/\/www.abcplyn.cz\/eshop\/"},{"@type":"ListItem","position":2,"name":"Kontakt"}]},{"@type":"WebSite","@id":"https:\/\/www.abcplyn.cz\/eshop\/#website","url":"https:\/\/www.abcplyn.cz\/eshop\/","name":"abcplyn.cz","description":"Kom\u00ednov\u00fd syst\u00e9m","publisher":{"@id":"https:\/\/www.abcplyn.cz\/eshop\/#organization"},"potentialAction":[{"@type":"SearchAction","target":{"@type":"EntryPoint","urlTemplate":"https:\/\/www.abcplyn.cz\/eshop\/?s={search_term_string}"},"query-input":{"@type":"PropertyValueSpecification","valueRequired":true,"valueName":"search_term_string"}}],"inLanguage":"cs"},{"@type":"Organization","@id":"https:\/\/www.abcplyn.cz\/eshop\/#organization","name":"abcplyn.cz","url":"https:\/\/www.abcplyn.cz\/eshop\/","logo":{"@type":"ImageObject","inLanguage":"cs","@id":"https:\/\/www.abcplyn.cz\/eshop\/#\/schema\/logo\/image\/","url":"https:\/\/www.abcplyn.cz\/eshop\/wp-content\/uploads\/2023\/06\/abc-logo-2021-small.jpg","contentUrl":"https:\/\/www.abcplyn.cz\/eshop\/wp-content\/uploads\/2023\/06\/abc-logo-2021-small.jpg","width":250,"height":60,"caption":"abcplyn.cz"},"image":{"@id":"https:\/\/www.abcplyn.cz\/eshop\/#\/schema\/logo\/image\/"}}]}},"_links":{"self":[{"href":"https:\/\/www.abcplyn.cz\/eshop\/wp-json\/wp\/v2\/pages\/6946","targetHints":{"allow":["GET"]}}],"collection":[{"href":"https:\/\/www.abcplyn.cz\/eshop\/wp-json\/wp\/v2\/pages"}],"about":[{"href":"https:\/\/www.abcplyn.cz\/eshop\/wp-json\/wp\/v2\/types\/page"}],"author":[{"embeddable":true,"href":"https:\/\/www.abcplyn.cz\/eshop\/wp-json\/wp\/v2\/users\/1"}],"replies":[{"embeddable":true,"href":"https:\/\/www.abcplyn.cz\/eshop\/wp-json\/wp\/v2\/comments?post=6946"}],"version-history":[{"count":40,"href":"https:\/\/www.abcplyn.cz\/eshop\/wp-json\/wp\/v2\/pages\/6946\/revisions"}],"predecessor-version":[{"id":11527,"href":"https:\/\/www.abcplyn.cz\/eshop\/wp-json\/wp\/v2\/pages\/6946\/revisions\/11527"}],"wp:attachment":[{"href":"https:\/\/www.abcplyn.cz\/eshop\/wp-json\/wp\/v2\/media?parent=6946"}],"curies":[{"name":"wp","href":"https:\/\/api.w.org\/{rel}","templated":true}]}}